{"id":8,"date":"2024-11-15T18:09:31","date_gmt":"2024-11-15T18:09:31","guid":{"rendered":"https:\/\/www.pasokon.de\/?page_id=8"},"modified":"2024-11-15T19:44:44","modified_gmt":"2024-11-15T18:44:44","slug":"home","status":"publish","type":"page","link":"https:\/\/www.pasokon.de\/","title":{"rendered":"Home"},"content":{"rendered":"\n<p>Willkommen\u00a0bei\u00a0Pasokon\u00a0\u2013\u00a0Ihre\u00a0Anlaufstelle\u00a0f\u00fcr\u00a0sichere\u00a0Computerl\u00f6sungen\u00a0f\u00fcr\u00a0Kinder!<\/p>\n\n\n\n<p>In\u00a0einer\u00a0zunehmend\u00a0digitalen\u00a0Welt\u00a0ist\u00a0es\u00a0entscheidend,\u00a0unseren\u00a0Kindern\u00a0einen\u00a0gesch\u00fctzten\u00a0Zugang\u00a0zu\u00a0 Technologie\u00a0zu\u00a0erm\u00f6glichen.\u00a0Bei\u00a0Pasokon\u00a0haben\u00a0wir\u00a0uns\u00a0darauf\u00a0spezialisiert,\u00a0Computer\u00a0f\u00fcr\u00a0private\u00a0Kunden\u00a0 anzubieten,\u00a0die\u00a0speziell\u00a0f\u00fcr\u00a0die\u00a0Bed\u00fcrfnisse\u00a0von\u00a0Kindern\u00a0konzipiert\u00a0sind.\u00a0Unsere\u00a0Systeme\u00a0basieren\u00a0auf\u00a0bew\u00e4hrten\u00a0Standard-Linux-Distributionen,\u00a0die\u00a0nicht\u00a0nur\u00a0leistungsstark,\u00a0sondern\u00a0auch\u00a0sicher\u00a0und\u00a0benutzerfreundlich\u00a0sind.<\/p>\n\n\n\n<p>Mit&nbsp;unseren&nbsp;Computern&nbsp;k\u00f6nnen&nbsp;Kinder&nbsp;die&nbsp;digitale&nbsp;Welt&nbsp;erkunden,&nbsp;lernen&nbsp;und&nbsp;kreativ&nbsp;sein&nbsp;\u2013&nbsp;und&nbsp;das&nbsp;in&nbsp;einer&nbsp;sicheren&nbsp;Umgebung.&nbsp;Die&nbsp;Flexibilit\u00e4t&nbsp;und&nbsp;Stabilit\u00e4t&nbsp;von&nbsp;Linux&nbsp;erm\u00f6glicht&nbsp;es&nbsp;uns,&nbsp;ma\u00dfgeschneiderte&nbsp;L\u00f6sungen&nbsp;anzubieten,&nbsp;die&nbsp;Eltern&nbsp;die&nbsp;Kontrolle&nbsp;\u00fcber&nbsp;die&nbsp;Online-Aktivit\u00e4ten&nbsp;ihrer&nbsp;Kinder&nbsp;erleichtern.&nbsp;So&nbsp;k\u00f6nnen&nbsp;Sie&nbsp;sicherstellen,&nbsp;dass&nbsp;Ihre&nbsp;Kleinen&nbsp;in&nbsp;einem&nbsp;gesch\u00fctzten&nbsp;Rahmen&nbsp;surfen&nbsp;und&nbsp;spielen.<\/p>\n\n\n\n<p>Wir&nbsp;bieten&nbsp;nicht&nbsp;nur&nbsp;den&nbsp;Verkauf&nbsp;von&nbsp;Computern&nbsp;an,&nbsp;sondern&nbsp;auch&nbsp;umfassende&nbsp;Betreuung&nbsp;und&nbsp;Unterst\u00fctzung,&nbsp;um&nbsp;sicherzustellen,&nbsp;dass&nbsp;Ihre&nbsp;Kinder&nbsp;das&nbsp;Beste&nbsp;aus&nbsp;ihrer&nbsp;Technologie&nbsp;herausholen.&nbsp;Egal,&nbsp;ob&nbsp;Ihr&nbsp;Kind&nbsp;gerade&nbsp;erst&nbsp;anf\u00e4ngt&nbsp;oder&nbsp;bereits&nbsp;ein&nbsp;kleiner&nbsp;Technikprofi&nbsp;ist&nbsp;\u2013&nbsp;bei&nbsp;uns&nbsp;finden&nbsp;Sie&nbsp;die&nbsp;passende&nbsp;L\u00f6sung.<\/p>\n\n\n\n<p>Lassen&nbsp;Sie&nbsp;uns&nbsp;gemeinsam&nbsp;daf\u00fcr&nbsp;sorgen,&nbsp;dass&nbsp;Ihre&nbsp;Kinder&nbsp;sicher&nbsp;und&nbsp;mit&nbsp;Freude&nbsp;die&nbsp;M\u00f6glichkeiten&nbsp;der&nbsp;Technologie&nbsp;entdecken!&nbsp;Kontaktieren&nbsp;Sie&nbsp;uns&nbsp;noch&nbsp;heute,&nbsp;um&nbsp;mehr&nbsp;\u00fcber&nbsp;unsere&nbsp;Produkte&nbsp;und&nbsp;Dienstleistungen&nbsp;zu&nbsp;erfahren.&nbsp;Wir&nbsp;freuen&nbsp;uns&nbsp;darauf,&nbsp;Ihnen&nbsp;und&nbsp;Ihren&nbsp;Kindern&nbsp;zu&nbsp;helfen,&nbsp;die&nbsp;digitale&nbsp;Welt&nbsp;sicher&nbsp;zu&nbsp;erkunden!<\/p>\n\n\n\n<p>Ihr&nbsp;Team&nbsp;von&nbsp;[Ihr&nbsp;Firmenname]<\/p>\n","protected":false},"excerpt":{"rendered":"<p>Willkommen\u00a0bei\u00a0Pasokon\u00a0\u2013\u00a0Ihre\u00a0Anlaufstelle\u00a0f\u00fcr\u00a0sichere\u00a0Computerl\u00f6sungen\u00a0f\u00fcr\u00a0Kinder! In\u00a0einer\u00a0zunehmend\u00a0digitalen\u00a0Welt\u00a0ist\u00a0es\u00a0entscheidend,\u00a0unseren\u00a0Kindern\u00a0einen\u00a0gesch\u00fctzten\u00a0Zugang\u00a0zu\u00a0 Technologie\u00a0zu\u00a0erm\u00f6glichen.\u00a0Bei\u00a0Pasokon\u00a0haben\u00a0wir\u00a0uns\u00a0darauf\u00a0spezialisiert,\u00a0Computer\u00a0f\u00fcr\u00a0private\u00a0Kunden\u00a0 anzubieten,\u00a0die\u00a0speziell\u00a0f\u00fcr\u00a0die\u00a0Bed\u00fcrfnisse\u00a0von\u00a0Kindern\u00a0konzipiert\u00a0sind.\u00a0Unsere\u00a0Systeme\u00a0basieren\u00a0auf\u00a0bew\u00e4hrten\u00a0Standard-Linux-Distributionen,\u00a0die\u00a0nicht\u00a0nur\u00a0leistungsstark,\u00a0sondern\u00a0auch\u00a0sicher\u00a0und\u00a0benutzerfreundlich\u00a0sind. Mit&nbsp;unseren&nbsp;Computern&nbsp;k\u00f6nnen&nbsp;Kinder&nbsp;die&nbsp;digitale&nbsp;Welt&nbsp;erkunden,&nbsp;lernen&nbsp;und&nbsp;kreativ&nbsp;sein&nbsp;\u2013&nbsp;und&nbsp;das&nbsp;in&nbsp;einer&nbsp;sicheren&nbsp;Umgebung.&nbsp;Die&nbsp;Flexibilit\u00e4t&nbsp;und&nbsp;Stabilit\u00e4t&nbsp;von&nbsp;Linux&nbsp;erm\u00f6glicht&nbsp;es&nbsp;uns,&nbsp;ma\u00dfgeschneiderte&nbsp;L\u00f6sungen&nbsp;anzubieten,&nbsp;die&nbsp;Eltern&nbsp;die&nbsp;Kontrolle&nbsp;\u00fcber&nbsp;die&nbsp;Online-Aktivit\u00e4ten&nbsp;ihrer&nbsp;Kinder&nbsp;erleichtern.&nbsp;So&nbsp;k\u00f6nnen&nbsp;Sie&nbsp;sicherstellen,&nbsp;dass&nbsp;Ihre&nbsp;Kleinen&nbsp;in&nbsp;einem&nbsp;gesch\u00fctzten&nbsp;Rahmen&nbsp;surfen&nbsp;und&nbsp;spielen. Wir&nbsp;bieten&nbsp;nicht&nbsp;nur&nbsp;den&nbsp;Verkauf&nbsp;von&nbsp;Computern&nbsp;an,&nbsp;sondern&nbsp;auch&nbsp;umfassende&nbsp;Betreuung&nbsp;und&nbsp;Unterst\u00fctzung,&nbsp;um&nbsp;sicherzustellen,&nbsp;dass&nbsp;Ihre&nbsp;Kinder&nbsp;das&nbsp;Beste&nbsp;aus&nbsp;ihrer&nbsp;Technologie&nbsp;herausholen.&nbsp;Egal,&nbsp;ob&nbsp;Ihr&nbsp;Kind&nbsp;gerade&nbsp;erst&nbsp;anf\u00e4ngt&nbsp;oder&nbsp;bereits&nbsp;ein&nbsp;kleiner&nbsp;Technikprofi&nbsp;ist&nbsp;\u2013&nbsp;bei&nbsp;uns&nbsp;finden&nbsp;Sie&nbsp;die&nbsp;passende&nbsp;L\u00f6sung. Lassen&nbsp;Sie&nbsp;uns&nbsp;gemeinsam&nbsp;daf\u00fcr&nbsp;sorgen,&nbsp;dass&nbsp;Ihre&nbsp;Kinder&nbsp;sicher&nbsp;und&nbsp;mit&nbsp;Freude&nbsp;die&nbsp;M\u00f6glichkeiten&nbsp;der&nbsp;Technologie&nbsp;entdecken!&nbsp;Kontaktieren&nbsp;Sie&nbsp;uns&nbsp;noch&nbsp;heute,&nbsp;um&nbsp;mehr&nbsp;\u00fcber&nbsp;unsere&nbsp;Produkte&nbsp;und&nbsp;Dienstleistungen&nbsp;zu&nbsp;erfahren.&nbsp;Wir&nbsp;freuen&nbsp;uns&nbsp;darauf,&nbsp;Ihnen&nbsp;und&nbsp;Ihren&nbsp;Kindern&nbsp;zu&nbsp;helfen,&nbsp;die&nbsp;digitale&nbsp;Welt&nbsp;sicher&nbsp;zu&nbsp;erkunden! Ihr&nbsp;Team&nbsp;von&nbsp;[Ihr&nbsp;Firmenname]<\/p>\n","protected":false},"author":1,"featured_media":0,"parent":0,"menu_order":0,"comment_status":"closed","ping_status":"closed","template":"templates\/template-homepage.php","meta":{"footnotes":""},"class_list":["post-8","page","type-page","status-publish","hentry"],"_links":{"self":[{"href":"https:\/\/www.pasokon.de\/index.php?rest_route=\/wp\/v2\/pages\/8","targetHints":{"allow":["GET"]}}],"collection":[{"href":"https:\/\/www.pasokon.de\/index.php?rest_route=\/wp\/v2\/pages"}],"about":[{"href":"https:\/\/www.pasokon.de\/index.php?rest_route=\/wp\/v2\/types\/page"}],"author":[{"embeddable":true,"href":"https:\/\/www.pasokon.de\/index.php?rest_route=\/wp\/v2\/users\/1"}],"replies":[{"embeddable":true,"href":"https:\/\/www.pasokon.de\/index.php?rest_route=%2Fwp%2Fv2%2Fcomments&post=8"}],"version-history":[{"count":1,"href":"https:\/\/www.pasokon.de\/index.php?rest_route=\/wp\/v2\/pages\/8\/revisions"}],"predecessor-version":[{"id":21,"href":"https:\/\/www.pasokon.de\/index.php?rest_route=\/wp\/v2\/pages\/8\/revisions\/21"}],"wp:attachment":[{"href":"https:\/\/www.pasokon.de\/index.php?rest_route=%2Fwp%2Fv2%2Fmedia&parent=8"}],"curies":[{"name":"wp","href":"https:\/\/api.w.org\/{rel}","templated":true}]}}